{"id":394,"date":"2021-03-03T02:25:52","date_gmt":"2021-03-03T02:25:52","guid":{"rendered":"https:\/\/daniroal.com\/index.php\/biography\/"},"modified":"2023-12-27T15:45:19","modified_gmt":"2023-12-27T15:45:19","slug":"biography","status":"publish","type":"page","link":"https:\/\/daniroal.com\/index.php\/biography\/","title":{"rendered":"Sobre Mi"},"content":{"rendered":"<p>[et_pb_section fb_built=\u00bb1&#8243; admin_label=\u00bbsection\u00bb _builder_version=\u00bb4.22.1&#8243; background_image=\u00bbhttps:\/\/daniroal.com\/wp-content\/uploads\/2023\/09\/Absolute_Reality_v16_Artificial_Inteligent_study_0.jpg\u00bb min_height=\u00bb50vh\u00bb min_height_tablet=\u00bb50vh\u00bb min_height_phone=\u00bb50vh\u00bb min_height_last_edited=\u00bbon|phone\u00bb height=\u00bb30vh\u00bb custom_css_main_element=\u00bboverflow:hidden;||background-attachment: fixed;\u00bb da_disable_devices=\u00bboff|off|off\u00bb global_colors_info=\u00bb{}\u00bb da_is_popup=\u00bboff\u00bb da_exit_intent=\u00bboff\u00bb da_has_close=\u00bbon\u00bb da_alt_close=\u00bboff\u00bb da_dark_close=\u00bboff\u00bb da_not_modal=\u00bbon\u00bb da_is_singular=\u00bboff\u00bb da_with_loader=\u00bboff\u00bb da_has_shadow=\u00bbon\u00bb][et_pb_row admin_label=\u00bbrow\u00bb _builder_version=\u00bb4.22.1&#8243; background_size=\u00bbinitial\u00bb background_position=\u00bbtop_left\u00bb background_repeat=\u00bbrepeat\u00bb global_colors_info=\u00bb{}\u00bb][et_pb_column type=\u00bb4_4&#8243; _builder_version=\u00bb4.22.1&#8243; custom_padding=\u00bb|||\u00bb global_colors_info=\u00bb{}\u00bb custom_padding__hover=\u00bb|||\u00bb][\/et_pb_column][\/et_pb_row][et_pb_row _builder_version=\u00bb4.22.1&#8243; _module_preset=\u00bbdefault\u00bb positioning=\u00bbabsolute\u00bb position_origin_a=\u00bbcenter_left\u00bb global_colors_info=\u00bb{}\u00bb][et_pb_column type=\u00bb4_4&#8243; _builder_version=\u00bb4.22.1&#8243; _module_preset=\u00bbdefault\u00bb global_colors_info=\u00bb{}\u00bb][dsm_animated_gradient_text animated_gradient_text=\u00bbSobre Mi\u00bb _builder_version=\u00bb4.22.1&#8243; _module_preset=\u00bbdefault\u00bb header_font=\u00bbRaleway|700|||||||\u00bb header_font_size=\u00bb93px\u00bb positioning=\u00bbrelative\u00bb position_origin_a=\u00bbcenter_left\u00bb position_origin_f=\u00bbcenter_left\u00bb horizontal_offset=\u00bb86px\u00bb width=\u00bb100%\u00bb width_tablet=\u00bb100%\u00bb width_phone=\u00bb100%\u00bb width_last_edited=\u00bbon|phone\u00bb custom_padding=\u00bb90px||||false|false\u00bb header_font_size_tablet=\u00bb93px\u00bb header_font_size_phone=\u00bb53px\u00bb header_font_size_last_edited=\u00bbon|phone\u00bb global_colors_info=\u00bb{}\u00bb][\/dsm_animated_gradient_text][\/et_pb_column][\/et_pb_row][\/et_pb_section][et_pb_section fb_built=\u00bb1&#8243; _builder_version=\u00bb4.22.1&#8243; _module_preset=\u00bbdefault\u00bb da_disable_devices=\u00bboff|off|off\u00bb global_colors_info=\u00bb{}\u00bb da_is_popup=\u00bboff\u00bb da_exit_intent=\u00bboff\u00bb da_has_close=\u00bbon\u00bb da_alt_close=\u00bboff\u00bb da_dark_close=\u00bboff\u00bb da_not_modal=\u00bbon\u00bb da_is_singular=\u00bboff\u00bb da_with_loader=\u00bboff\u00bb da_has_shadow=\u00bbon\u00bb][et_pb_row column_structure=\u00bb1_4,3_4&#8243; _builder_version=\u00bb4.22.1&#8243; _module_preset=\u00bbdefault\u00bb max_width=\u00bb80%\u00bb global_colors_info=\u00bb{}\u00bb][et_pb_column type=\u00bb1_4&#8243; _builder_version=\u00bb4.22.1&#8243; _module_preset=\u00bbdefault\u00bb background_image=\u00bbhttps:\/\/daniroal.com\/wp-content\/uploads\/2023\/09\/Foto-Daniel-Equipo-Allone.webp\u00bb background_size=\u00bbcustom\u00bb background_image_width=\u00bb77%\u00bb global_colors_info=\u00bb{}\u00bb][et_pb_image src=\u00bbhttps:\/\/daniroal.com\/wp-content\/uploads\/2023\/09\/circulo.webp\u00bb title_text=\u00bbcirculo\u00bb align=\u00bbcenter\u00bb admin_label=\u00bbselector img\u00bb module_class=\u00bbselector img\u00bb _builder_version=\u00bb4.22.1&#8243; _module_preset=\u00bbdefault\u00bb width_tablet=\u00bb100%\u00bb width_phone=\u00bb100%\u00bb width_last_edited=\u00bbon|tablet\u00bb max_width=\u00bb100%\u00bb min_height_tablet=\u00bb563px\u00bb min_height_phone=\u00bb234px\u00bb min_height_last_edited=\u00bbon|tablet\u00bb animation_style=\u00bbroll\u00bb animation_duration=\u00bb2000ms\u00bb animation_intensity_roll=\u00bb100%\u00bb animation_starting_opacity=\u00bb100%\u00bb animation_repeat=\u00bbloop\u00bb hover_enabled=\u00bb0&#8243; global_colors_info=\u00bb{}\u00bb sticky_enabled=\u00bb0&#8243;][\/et_pb_image][\/et_pb_column][et_pb_column type=\u00bb3_4&#8243; _builder_version=\u00bb4.22.1&#8243; _module_preset=\u00bbdefault\u00bb global_colors_info=\u00bb{}\u00bb][dsm_animated_gradient_text animated_gradient_text=\u00bbDani Roal\u00bb animated_gradient_speed=\u00bb30&#8243; gradient_one_color=\u00bb#8300E9&#8243; gradient_two_color=\u00bb#0C71C3&#8243; gradient_four_color=\u00bb#EDF000&#8243; _builder_version=\u00bb4.22.1&#8243; _module_preset=\u00bbdefault\u00bb header_font=\u00bb|700|||||||\u00bb header_text_align=\u00bbcenter\u00bb header_font_size=\u00bb64px\u00bb global_colors_info=\u00bb{}\u00bb][\/dsm_animated_gradient_text][et_pb_text _builder_version=\u00bb4.22.1&#8243; _module_preset=\u00bbdefault\u00bb global_colors_info=\u00bb{}\u00bb]<\/p>\n<p>Mi nombre es Daniel Rodr\u00edguez, soy un animador digital, me dedico principalmente a la creaci\u00f3n de contenido para diferentes medios y formatos, desde im\u00e1genes hasta producciones audiovisuales. Mi formaci\u00f3n incluye una licenciatura en Ingenier\u00eda en Tecnolog\u00edas Interactivas en Animaci\u00f3n Digital por la Universidad del Valle de M\u00e9xico, que ha sido fundamental en mi desarrollo y crecimiento profesional.<\/p>\n<p>Mi pasi\u00f3n por la producci\u00f3n audiovisual ha sido un motor constante en mi carrera. He tenido la suerte de participar en algunos proyectos de producci\u00f3n, algunos simples y algunos m\u00e1s grandes, estar en ellos me ha ayudado a crecer y crear nuevas habilidades, tambi\u00e9n me han permitido entender mejor la narrativa y comprender mejor las necesidades que cada proyecto exige. Adem\u00e1s, he participado en proyectos en diferentes \u00e1reas desarrollado habilidades en dise\u00f1o web, dise\u00f1o gr\u00e1fico, gesti\u00f3n de redes sociales y dise\u00f1o 3D a lo largo de mi trayectoria.<\/p>\n<p>Soy una persona comprometida y apasionada por seguir aprendiendo. Trabajar en equipo es un pilar en mi enfoque, y he tenido la oportunidad de colaborar en una variedad de proyectos, incluso liderando algunos de ellos.<\/p>\n<p>Adem\u00e1s de mi amor por la producci\u00f3n audiovisual, soy un entusiasta del arte y el dise\u00f1o 3D. Mis habilidades en este \u00e1mbito me han permitido contribuir a proyectos donde la creatividad visual y el dise\u00f1o 3D son esenciales.<\/p>\n<p>Mi principal objetivo es formar parte de un equipo de producci\u00f3n de alto rendimiento, donde pueda aplicar mis habilidades para crear contenido visualmente impactante. Estoy emocionado por enfrentar nuevos desaf\u00edos y ser parte de proyectos en televisi\u00f3n, cine, publicidad y m\u00e1s.<\/p>\n<p>[\/et_pb_text][\/et_pb_column][\/et_pb_row][\/et_pb_section]<\/p>\n","protected":false},"excerpt":{"rendered":"<p><div class=\"et_pb_module dsm_animated_gradient_text dsm_animated_gradient_text_0\">\n\t\t\t\t\n\t\t\t\t\n\t\t\t\t\n\t\t\t\t\n\t\t\t\t\n\t\t\t\t\n\t\t\t\t<div class=\"et_pb_module_inner\">\n\t\t\t\t\t<h2 class=\"dsm-animated-gradient-text et_pb_module_header\">Sobre Mi<\/h2>\n\t\t\t\t<\/div>\n\t\t\t<\/div><div class=\"et_pb_module dsm_animated_gradient_text dsm_animated_gradient_text_1\">\n\t\t\t\t\n\t\t\t\t\n\t\t\t\t\n\t\t\t\t\n\t\t\t\t\n\t\t\t\t\n\t\t\t\t<div class=\"et_pb_module_inner\">\n\t\t\t\t\t<h2 class=\"dsm-animated-gradient-text et_pb_module_header\">Dani Roal<\/h2>\n\t\t\t\t<\/div>\n\t\t\t<\/div>Mi nombre es Daniel Rodr\u00edguez, soy un animador digital, me dedico principalmente a la creaci\u00f3n de contenido para diferentes medios y formatos, desde im\u00e1genes [&hellip;]<\/p>\n","protected":false},"author":1,"featured_media":0,"parent":0,"menu_order":0,"comment_status":"closed","ping_status":"closed","template":"","meta":{"_et_pb_use_builder":"on","_et_pb_old_content":"","_et_gb_content_width":"","footnotes":""},"aioseo_notices":[],"_links":{"self":[{"href":"https:\/\/daniroal.com\/index.php\/wp-json\/wp\/v2\/pages\/394"}],"collection":[{"href":"https:\/\/daniroal.com\/index.php\/wp-json\/wp\/v2\/pages"}],"about":[{"href":"https:\/\/daniroal.com\/index.php\/wp-json\/wp\/v2\/types\/page"}],"author":[{"embeddable":true,"href":"https:\/\/daniroal.com\/index.php\/wp-json\/wp\/v2\/users\/1"}],"replies":[{"embeddable":true,"href":"https:\/\/daniroal.com\/index.php\/wp-json\/wp\/v2\/comments?post=394"}],"version-history":[{"count":25,"href":"https:\/\/daniroal.com\/index.php\/wp-json\/wp\/v2\/pages\/394\/revisions"}],"predecessor-version":[{"id":1488,"href":"https:\/\/daniroal.com\/index.php\/wp-json\/wp\/v2\/pages\/394\/revisions\/1488"}],"wp:attachment":[{"href":"https:\/\/daniroal.com\/index.php\/wp-json\/wp\/v2\/media?parent=394"}],"curies":[{"name":"wp","href":"https:\/\/api.w.org\/{rel}","templated":true}]}}