{"id":686,"date":"2021-03-02T08:55:23","date_gmt":"2021-03-02T08:55:23","guid":{"rendered":"https:\/\/daniroal.com\/index.php\/home\/"},"modified":"2025-04-03T00:20:10","modified_gmt":"2025-04-03T00:20:10","slug":"home","status":"publish","type":"page","link":"https:\/\/daniroal.com\/","title":{"rendered":"Home"},"content":{"rendered":"<p>[et_pb_section fb_built=\u00bb1&#8243; admin_label=\u00bbsection\u00bb _builder_version=\u00bb4.22.1&#8243; background_color=\u00bbrgba(10,10,10,0.45)\u00bb background_image=\u00bbhttps:\/\/daniroal.com\/wp-content\/uploads\/2023\/06\/render-callejon.jpeg\u00bb background_position=\u00bbbottom_center\u00bb background_vertical_offset=\u00bb39%\u00bb background_blend=\u00bbmultiply\u00bb height=\u00bb100vh\u00bb height_tablet=\u00bb100vh\u00bb height_phone=\u00bb100vh\u00bb height_last_edited=\u00bbon|phone\u00bb max_height=\u00bb100vh\u00bb background_color_phone=\u00bbRGBA(255,255,255,0)\u00bb background_last_edited=\u00bbon|phone\u00bb background_enable_color_phone=\u00bbon\u00bb background_image_phone=\u00bbhttps:\/\/daniroal.com\/wp-content\/uploads\/2023\/12\/Edificio-3D-Texturizado-y-Render-callejon.webp\u00bb background_enable_image_phone=\u00bbon\u00bb parallax_phone=\u00bbon\u00bb background_size_tablet=\u00bbcover\u00bb background_size_phone=\u00bbinitial\u00bb background_image_width_phone=\u00bb100%\u00bb background_position_tablet=\u00bbbottom_left\u00bb background_position_phone=\u00bbcenter\u00bb background_horizontal_offset_tablet=\u00bb37%\u00bb background_horizontal_offset_phone=\u00bb100%\u00bb background_vertical_offset_tablet=\u00bb0%\u00bb custom_css_main_element=\u00bboverflow:hidden;||background-attachment: fixed;\u00bb da_disable_devices=\u00bboff|off|off\u00bb global_colors_info=\u00bb{}\u00bb height__hover_enabled=\u00bboff|desktop\u00bb da_is_popup=\u00bboff\u00bb da_exit_intent=\u00bboff\u00bb da_has_close=\u00bbon\u00bb da_alt_close=\u00bboff\u00bb da_dark_close=\u00bboff\u00bb da_not_modal=\u00bbon\u00bb da_is_singular=\u00bboff\u00bb da_with_loader=\u00bboff\u00bb da_has_shadow=\u00bbon\u00bb][et_pb_row custom_padding_last_edited=\u00bbon|desktop\u00bb _builder_version=\u00bb4.22.1&#8243; _module_preset=\u00bbdefault\u00bb width=\u00bb81%\u00bb min_height=\u00bb307.3px\u00bb custom_margin=\u00bb-0.1%|auto|0px|auto|false|false\u00bb custom_margin_tablet=\u00bb13%|auto|0px|auto|false|false\u00bb custom_margin_phone=\u00bb13%|auto|0px|auto|false|false\u00bb custom_margin_last_edited=\u00bbon|tablet\u00bb custom_padding_tablet=\u00bb\u00bb custom_padding_phone=\u00bb||2px|||\u00bb global_colors_info=\u00bb{}\u00bb][et_pb_column type=\u00bb4_4&#8243; _builder_version=\u00bb4.22.1&#8243; _module_preset=\u00bbdefault\u00bb global_colors_info=\u00bb{}\u00bb][et_pb_text _builder_version=\u00bb4.22.1&#8243; _module_preset=\u00bbdefault\u00bb text_font=\u00bbRaleway||||||||\u00bb text_text_color=\u00bb#FFFFFF\u00bb text_font_size=\u00bb37px\u00bb header_text_color=\u00bb#FFFFFF\u00bb header_font_size=\u00bb35px\u00bb text_orientation=\u00bbcenter\u00bb background_layout=\u00bbdark\u00bb width=\u00bb100%\u00bb max_width=\u00bb100%\u00bb min_height=\u00bb103.4%\u00bb custom_padding=\u00bb5%||||false|false\u00bb custom_padding_tablet=\u00bb5%||||false|false\u00bb custom_padding_phone=\u00bb13%||||false|false\u00bb custom_padding_last_edited=\u00bbon|phone\u00bb header_font_tablet=\u00bb\u00bb header_font_phone=\u00bb\u00bb header_font_last_edited=\u00bbon|phone\u00bb header_font_size_tablet=\u00bb24px\u00bb header_font_size_phone=\u00bb21px\u00bb header_font_size_last_edited=\u00bbon|tablet\u00bb global_colors_info=\u00bb{}\u00bb]<\/p>\n<h1>Dise\u00f1ador Digital<\/h1>\n<p>[\/et_pb_text][dsm_animated_gradient_text animated_gradient_text=\u00bbDani Roal\u00bb gradient_one_color=\u00bb#ff265c\u00bb gradient_two_color=\u00bb#c96dff\u00bb gradient_three_color=\u00bb#ff008c\u00bb gradient_four_color=\u00bb#75f5ff\u00bb _builder_version=\u00bb4.22.1&#8243; _module_preset=\u00bbdefault\u00bb header_font=\u00bbRaleway|600|||||||\u00bb header_text_align=\u00bbcenter\u00bb header_font_size=\u00bb150px\u00bb header_letter_spacing=\u00bb8px\u00bb header_font_size_tablet=\u00bb100px\u00bb header_font_size_phone=\u00bb69px\u00bb header_font_size_last_edited=\u00bbon|phone\u00bb header_letter_spacing_tablet=\u00bb2px\u00bb header_letter_spacing_phone=\u00bb0px\u00bb header_letter_spacing_last_edited=\u00bbon|desktop\u00bb global_colors_info=\u00bb{}\u00bb][\/dsm_animated_gradient_text][et_pb_text admin_label=\u00bbTexto\u00bb _builder_version=\u00bb4.22.1&#8243; _module_preset=\u00bb_initial\u00bb text_font=\u00bbRaleway||||||||\u00bb text_text_color=\u00bb#FFFFFF\u00bb text_font_size=\u00bb23px\u00bb header_2_text_align=\u00bbcenter\u00bb header_2_text_color=\u00bb#FFFFFF\u00bb header_2_font_size=\u00bb200px\u00bb module_alignment=\u00bbcenter\u00bb custom_margin=\u00bb||14px|||\u00bb custom_padding=\u00bb16px||0px||false|false\u00bb custom_padding_tablet=\u00bb16px||||false|false\u00bb custom_padding_phone=\u00bb9px||||false|false\u00bb custom_padding_last_edited=\u00bbon|phone\u00bb text_font_size_tablet=\u00bb23px\u00bb text_font_size_phone=\u00bb16px\u00bb text_font_size_last_edited=\u00bbon|phone\u00bb global_colors_info=\u00bb{}\u00bb]<\/p>\n<p style=\"text-align: center;\">\u00a1Bienvenidos a mi p\u00e1gina web! Aqu\u00ed podr\u00e1s encontrar algunos de mis trabajos.<\/p>\n<p>[\/et_pb_text][\/et_pb_column][\/et_pb_row][et_pb_row column_structure=\u00bb1_2,1_2&#8243; _builder_version=\u00bb4.22.1&#8243; _module_preset=\u00bbdefault\u00bb min_height=\u00bb15px\u00bb custom_margin=\u00bb2px|auto||auto||\u00bb global_colors_info=\u00bb{}\u00bb][et_pb_column type=\u00bb1_2&#8243; _builder_version=\u00bb4.22.1&#8243; _module_preset=\u00bbdefault\u00bb global_colors_info=\u00bb{}\u00bb][et_pb_button button_url=\u00bb#demo-reel\u00bb button_text=\u00bbDemo Reel\u00bb button_alignment=\u00bbcenter\u00bb module_id=\u00bb#demo-reel\u00bb _builder_version=\u00bb4.22.1&#8243; _module_preset=\u00bbdefault\u00bb custom_button=\u00bbon\u00bb button_border_radius=\u00bb100px\u00bb custom_padding=\u00bb0px|30px||30px|false|false\u00bb global_colors_info=\u00bb{}\u00bb button_text_color__hover=\u00bb#FFFFFF\u00bb button_text_color__hover_enabled=\u00bbon|hover\u00bb button_bg_color__hover=\u00bb#ff238a\u00bb button_bg_color__hover_enabled=\u00bbon|hover\u00bb button_border_color__hover=\u00bb#ff238a\u00bb button_border_color__hover_enabled=\u00bbon|hover\u00bb][\/et_pb_button][\/et_pb_column][et_pb_column type=\u00bb1_2&#8243; _builder_version=\u00bb4.22.1&#8243; _module_preset=\u00bbdefault\u00bb global_colors_info=\u00bb{}\u00bb][et_pb_button button_url=\u00bbhttps:\/\/daniroal.com\/wp-content\/uploads\/2024\/11\/CV_DR.pdf\u00bb url_new_window=\u00bbon\u00bb button_text=\u00bbVer CV\u00bb button_alignment=\u00bbcenter\u00bb _builder_version=\u00bb4.22.1&#8243; _module_preset=\u00bbdefault\u00bb custom_button=\u00bbon\u00bb button_border_radius=\u00bb100px\u00bb custom_padding=\u00bb|50px||50px|false|false\u00bb button_text_color_last_edited=\u00bboff|desktop\u00bb global_colors_info=\u00bb{}\u00bb button_text_color__hover_enabled=\u00bbon|hover\u00bb button_text_color__hover=\u00bb#FFFFFF\u00bb button_bg_color__hover_enabled=\u00bbon|hover\u00bb button_bg_color__hover=\u00bb#ff238a\u00bb button_bg_enable_color__hover=\u00bbon\u00bb button_border_color__hover_enabled=\u00bbon|hover\u00bb button_border_color__hover=\u00bb#ff238a\u00bb][\/et_pb_button][\/et_pb_column][\/et_pb_row][et_pb_row _builder_version=\u00bb4.22.1&#8243; _module_preset=\u00bbdefault\u00bb global_colors_info=\u00bb{}\u00bb][et_pb_column type=\u00bb4_4&#8243; _builder_version=\u00bb4.22.1&#8243; _module_preset=\u00bbdefault\u00bb global_colors_info=\u00bb{}\u00bb][et_pb_button button_url=\u00bb#portafolio\u00bb button_text=\u00bbVer Portafolio\u00bb button_alignment=\u00bbcenter\u00bb _builder_version=\u00bb4.22.1&#8243; _module_preset=\u00bbdefault\u00bb custom_button=\u00bbon\u00bb button_text_color=\u00bb#ff23c4&#8243; button_border_width=\u00bb0px\u00bb button_icon=\u00bb&#x22;||divi||400&#8243; global_colors_info=\u00bb{}\u00bb][\/et_pb_button][\/et_pb_column][\/et_pb_row][\/et_pb_section][et_pb_section fb_built=\u00bb1&#8243; admin_label=\u00bbPopup &#8211; #demo-reel\u00bb module_id=\u00bbdemo-reel\u00bb module_class=\u00bbpopup no-close close-alt\u00bb _builder_version=\u00bb4.22.1&#8243; _module_preset=\u00bbdefault\u00bb background_color=\u00bbrgba(0,0,0,0)\u00bb positioning=\u00bbnone\u00bb position_origin_a=\u00bbcenter_center\u00bb position_origin_f=\u00bbcenter_center\u00bb z_index=\u00bb-5&#8243; width=\u00bb39%\u00bb width_tablet=\u00bb80%\u00bb width_phone=\u00bb100%\u00bb width_last_edited=\u00bbon|phone\u00bb module_alignment=\u00bbcenter\u00bb min_height=\u00bb90vh\u00bb min_height_tablet=\u00bb80vh\u00bb min_height_phone=\u00bb50vh\u00bb min_height_last_edited=\u00bbon|phone\u00bb custom_padding=\u00bb0px|||||\u00bb da_is_popup=\u00bbon\u00bb da_popup_slug=\u00bbdemo-reel\u00bb da_has_close=\u00bboff\u00bb da_alt_close=\u00bbon\u00bb da_disable_devices=\u00bboff|off|off\u00bb global_colors_info=\u00bb{}\u00bb da_exit_intent=\u00bboff\u00bb da_dark_close=\u00bboff\u00bb da_not_modal=\u00bbon\u00bb da_is_singular=\u00bboff\u00bb da_with_loader=\u00bboff\u00bb da_has_shadow=\u00bbon\u00bb][et_pb_row _builder_version=\u00bb4.22.1&#8243; _module_preset=\u00bbdefault\u00bb background_color=\u00bbrgba(0,0,0,0)\u00bb positioning=\u00bbabsolute\u00bb position_origin_a=\u00bbcenter_center\u00bb width=\u00bb100%\u00bb width_tablet=\u00bb100%\u00bb width_phone=\u00bb100%\u00bb width_last_edited=\u00bbon|tablet\u00bb max_width=\u00bb100%\u00bb max_height=\u00bb100%\u00bb custom_margin=\u00bb||14px||false|false\u00bb global_colors_info=\u00bb{}\u00bb][et_pb_column type=\u00bb4_4&#8243; _builder_version=\u00bb4.22.1&#8243; _module_preset=\u00bbdefault\u00bb global_colors_info=\u00bb{}\u00bb][et_pb_image src=\u00bbhttps:\/\/daniroal.com\/wp-content\/uploads\/2023\/12\/tache.png\u00bb title_text=\u00bbtache\u00bb url=\u00bb@ET-DC@eyJkeW5hbWljIjp0cnVlLCJjb250ZW50IjoiaG9tZV91cmwiLCJzZXR0aW5ncyI6e319@\u00bb align=\u00bbcenter\u00bb _builder_version=\u00bb4.22.1&#8243; _dynamic_attributes=\u00bburl\u00bb _module_preset=\u00bbdefault\u00bb width=\u00bb4%\u00bb width_tablet=\u00bb21%\u00bb width_phone=\u00bb22%\u00bb width_last_edited=\u00bbon|phone\u00bb max_width_tablet=\u00bb\u00bb max_width_phone=\u00bb\u00bb max_width_last_edited=\u00bbon|tablet\u00bb custom_margin=\u00bb|90px|12px||false|false\u00bb custom_margin_tablet=\u00bb|44px|-4px||false|false\u00bb custom_margin_phone=\u00bb|46px|15px||false|false\u00bb custom_margin_last_edited=\u00bbon|phone\u00bb custom_padding=\u00bb|14px||0px|false|false\u00bb hover_enabled=\u00bb0&#8243; global_colors_info=\u00bb{}\u00bb][\/et_pb_image][et_pb_code _builder_version=\u00bb4.22.1&#8243; _module_preset=\u00bbdefault\u00bb width=\u00bb86%\u00bb width_tablet=\u00bb70%\u00bb width_phone=\u00bb69%\u00bb width_last_edited=\u00bbon|phone\u00bb module_alignment=\u00bbcenter\u00bb custom_margin=\u00bb||||false|false\u00bb custom_margin_tablet=\u00bb||||false|false\u00bb custom_margin_phone=\u00bb||||false|false\u00bb custom_margin_last_edited=\u00bbon|phone\u00bb custom_padding=\u00bb||2px||false|false\u00bb hover_enabled=\u00bb0&#8243; border_radii=\u00bbon|30px|30px|30px|30px\u00bb border_radii_tablet=\u00bbon|30px|30px|30px|30px\u00bb border_radii_phone=\u00bbon|20px|20px|20px|20px\u00bb border_radii_last_edited=\u00bbon|phone\u00bb global_colors_info=\u00bb{}\u00bb sticky_enabled=\u00bb0&#8243;]<iframe loading=\"lazy\" width=\"1120\" height=\"630\" src=\"https:\/\/www.youtube.com\/embed\/FM9fxW3pIFw?si=DmvsyhoHdne6W36P\" title=\"YouTube video player\" frameborder=\"0\" allow=\"accelerometer; autoplay; clipboard-write; encrypted-media; gyroscope; picture-in-picture; web-share\" referrerpolicy=\"strict-origin-when-cross-origin\" allowfullscreen><\/iframe>[\/et_pb_code][\/et_pb_column][\/et_pb_row][\/et_pb_section][et_pb_section fb_built=\u00bb1&#8243; _builder_version=\u00bb4.22.1&#8243; _module_preset=\u00bbdefault\u00bb background_color=\u00bb#000000&#8243; custom_padding=\u00bb||0px|||\u00bb da_disable_devices=\u00bboff|off|off\u00bb global_colors_info=\u00bb{}\u00bb da_is_popup=\u00bboff\u00bb da_exit_intent=\u00bboff\u00bb da_has_close=\u00bbon\u00bb da_alt_close=\u00bboff\u00bb da_dark_close=\u00bboff\u00bb da_not_modal=\u00bbon\u00bb da_is_singular=\u00bboff\u00bb da_with_loader=\u00bboff\u00bb da_has_shadow=\u00bbon\u00bb][et_pb_row module_id=\u00bbportafolio\u00bb module_class=\u00bbportafolio\u00bb _builder_version=\u00bb4.22.1&#8243; _module_preset=\u00bbdefault\u00bb width=\u00bb100%\u00bb max_width=\u00bb100%\u00bb global_colors_info=\u00bb{}\u00bb][et_pb_column type=\u00bb4_4&#8243; _builder_version=\u00bb4.22.1&#8243; _module_preset=\u00bbdefault\u00bb global_colors_info=\u00bb{}\u00bb][et_pb_text _builder_version=\u00bb4.22.1&#8243; _module_preset=\u00bbdefault\u00bb header_font_size=\u00bb31px\u00bb header_3_text_align=\u00bbcenter\u00bb header_3_text_color=\u00bb#FFFFFF\u00bb header_3_font_size=\u00bb100px\u00bb header_3_font_size_tablet=\u00bb70px\u00bb header_3_font_size_phone=\u00bb50px\u00bb header_3_font_size_last_edited=\u00bbon|phone\u00bb global_colors_info=\u00bb{}\u00bb]<\/p>\n<h3>Portafolio<\/h3>\n<p>[\/et_pb_text][\/et_pb_column][\/et_pb_row][et_pb_row column_structure=\u00bb1_2,1_2&#8243; disabled_on=\u00bboff|off|off\u00bb _builder_version=\u00bb4.22.1&#8243; _module_preset=\u00bbdefault\u00bb max_width=\u00bb100%\u00bb module_alignment=\u00bbcenter\u00bb global_colors_info=\u00bb{}\u00bb][et_pb_column type=\u00bb1_2&#8243; _builder_version=\u00bb4.22.1&#8243; _module_preset=\u00bbdefault\u00bb global_colors_info=\u00bb{}\u00bb][dsm_image_reveal reveal_text=\u00bbizzi\u00bb src=\u00bbhttps:\/\/daniroal.com\/wp-content\/uploads\/2024\/05\/titulo-izzi.png\u00bb title_text=\u00bbtitulo-izzi\u00bb reveal_overlay_color=\u00bbrgba(0,0,0,0.64)\u00bb _builder_version=\u00bb4.22.1&#8243; _module_preset=\u00bbdefault\u00bb reveal_text_font=\u00bbRaleway|700|||||||\u00bb reveal_text_font_size=\u00bb60px\u00bb custom_margin=\u00bb||||false|false\u00bb custom_padding=\u00bb||||false|false\u00bb custom_padding_tablet=\u00bb0px||||false|false\u00bb custom_padding_phone=\u00bb0px||||false|false\u00bb custom_padding_last_edited=\u00bbon|tablet\u00bb link_option_url=\u00bbhttps:\/\/daniroal.com\/index.php\/izzi\/\u00bb reveal_text_font_size_tablet=\u00bb60px\u00bb reveal_text_font_size_phone=\u00bb38px\u00bb reveal_text_font_size_last_edited=\u00bbon|phone\u00bb border_radii=\u00bbon|20px|20px|20px|20px\u00bb locked=\u00bboff\u00bb global_colors_info=\u00bb{}\u00bb][\/dsm_image_reveal][dsm_text_divider header=\u00bbizzi\u00bb color=\u00bb#0C71C3&#8243; divider_position=\u00bbflex-start\u00bb disabled_on=\u00bboff|off|on\u00bb _builder_version=\u00bb4.22.1&#8243; _module_preset=\u00bbdefault\u00bb background_layout=\u00bbdark\u00bb locked=\u00bboff\u00bb global_colors_info=\u00bb{}\u00bb][\/dsm_text_divider][dsm_image_reveal reveal_text=\u00bbProducci\u00f3n\u00bb src=\u00bbhttps:\/\/daniroal.com\/wp-content\/uploads\/2023\/06\/IMG_8446.jpg\u00bb title_text=\u00bbIMG_8446&#8243; reveal_overlay_color=\u00bbrgba(0,0,0,0.64)\u00bb _builder_version=\u00bb4.22.1&#8243; _module_preset=\u00bbdefault\u00bb reveal_text_font=\u00bbRaleway|700|||||||\u00bb reveal_text_font_size=\u00bb60px\u00bb custom_margin=\u00bb||||false|false\u00bb custom_padding=\u00bb30px||||false|false\u00bb custom_padding_tablet=\u00bb0px||||false|false\u00bb custom_padding_phone=\u00bb0px||||false|false\u00bb custom_padding_last_edited=\u00bbon|tablet\u00bb link_option_url=\u00bbhttps:\/\/daniroal.com\/index.php\/produccion\/\u00bb reveal_text_font_size_tablet=\u00bb60px\u00bb reveal_text_font_size_phone=\u00bb38px\u00bb reveal_text_font_size_last_edited=\u00bbon|phone\u00bb border_radii=\u00bbon|20px|20px|20px|20px\u00bb locked=\u00bboff\u00bb global_colors_info=\u00bb{}\u00bb][\/dsm_image_reveal][dsm_text_divider header=\u00bbProducci\u00f3n\u00bb color=\u00bb#0C71C3&#8243; divider_position=\u00bbflex-start\u00bb disabled_on=\u00bboff|off|on\u00bb _builder_version=\u00bb4.22.1&#8243; _module_preset=\u00bbdefault\u00bb background_layout=\u00bbdark\u00bb locked=\u00bboff\u00bb global_colors_info=\u00bb{}\u00bb][\/dsm_text_divider][dsm_image_reveal reveal_text=\u00bbRedes Sociales\u00bb src=\u00bbhttps:\/\/daniroal.com\/wp-content\/uploads\/2023\/06\/post.jpg\u00bb title_text=\u00bbpost\u00bb reveal_overlay_color=\u00bbrgba(0,0,0,0.64)\u00bb _builder_version=\u00bb4.22.1&#8243; _module_preset=\u00bbdefault\u00bb reveal_text_font=\u00bbRaleway|700|||||||\u00bb reveal_text_font_size=\u00bb60px\u00bb custom_padding=\u00bb30px||||false|false\u00bb link_option_url=\u00bbhttps:\/\/daniroal.com\/index.php\/redes-sociales\/\u00bb reveal_text_font_size_tablet=\u00bb60px\u00bb reveal_text_font_size_phone=\u00bb40px\u00bb reveal_text_font_size_last_edited=\u00bbon|phone\u00bb border_radii=\u00bbon|20px|20px|20px|20px\u00bb global_colors_info=\u00bb{}\u00bb][\/dsm_image_reveal][dsm_text_divider header=\u00bbRedes Sociales\u00bb color=\u00bb#0C71C3&#8243; divider_position=\u00bbflex-start\u00bb disabled_on=\u00bboff|off|on\u00bb _builder_version=\u00bb4.22.1&#8243; _module_preset=\u00bbdefault\u00bb background_layout=\u00bbdark\u00bb global_colors_info=\u00bb{}\u00bb][\/dsm_text_divider][\/et_pb_column][et_pb_column type=\u00bb1_2&#8243; _builder_version=\u00bb4.22.1&#8243; _module_preset=\u00bbdefault\u00bb global_colors_info=\u00bb{}\u00bb][dsm_image_reveal reveal_text=\u00bbTelmex\u00bb src=\u00bbhttps:\/\/daniroal.com\/wp-content\/uploads\/2024\/09\/TELMEX.jpg\u00bb title_text=\u00bbTELMEX\u00bb reveal_overlay_color=\u00bbrgba(0,0,0,0.64)\u00bb _builder_version=\u00bb4.22.1&#8243; _module_preset=\u00bbdefault\u00bb reveal_text_font=\u00bbRaleway|700|||||||\u00bb reveal_text_font_size=\u00bb60px\u00bb custom_padding=\u00bb||||false|false\u00bb custom_padding_tablet=\u00bb0px||||false|false\u00bb custom_padding_phone=\u00bb0px||||false|false\u00bb custom_padding_last_edited=\u00bbon|tablet\u00bb link_option_url=\u00bbhttps:\/\/daniroal.com\/index.php\/telmex-2\/\u00bb reveal_text_font_size_tablet=\u00bb60px\u00bb reveal_text_font_size_phone=\u00bb40px\u00bb reveal_text_font_size_last_edited=\u00bbon|phone\u00bb border_radii=\u00bbon|20px|20px|20px|20px\u00bb locked=\u00bboff\u00bb global_colors_info=\u00bb{}\u00bb][\/dsm_image_reveal][dsm_text_divider header=\u00bbTelmex\u00bb color=\u00bb#0C71C3&#8243; divider_position=\u00bbflex-start\u00bb disabled_on=\u00bboff|off|on\u00bb _builder_version=\u00bb4.22.1&#8243; _module_preset=\u00bbdefault\u00bb background_layout=\u00bbdark\u00bb locked=\u00bboff\u00bb global_colors_info=\u00bb{}\u00bb][\/dsm_text_divider][dsm_image_reveal reveal_text=\u00bbMotion Grapics\u00bb src=\u00bbhttps:\/\/daniroal.com\/wp-content\/uploads\/2023\/06\/cafe-oxxo.jpg\u00bb title_text=\u00bbcafe oxxo\u00bb reveal_overlay_color=\u00bbrgba(0,0,0,0.64)\u00bb _builder_version=\u00bb4.22.1&#8243; _module_preset=\u00bbdefault\u00bb reveal_text_font=\u00bbRaleway|700|||||||\u00bb reveal_text_font_size=\u00bb60px\u00bb custom_padding=\u00bb||||false|false\u00bb custom_padding_tablet=\u00bb0px||||false|false\u00bb custom_padding_phone=\u00bb0px||||false|false\u00bb custom_padding_last_edited=\u00bbon|tablet\u00bb link_option_url=\u00bbhttps:\/\/daniroal.com\/index.php\/motion-graphics\/\u00bb reveal_text_font_size_tablet=\u00bb60px\u00bb reveal_text_font_size_phone=\u00bb40px\u00bb reveal_text_font_size_last_edited=\u00bbon|phone\u00bb border_radii=\u00bbon|20px|20px|20px|20px\u00bb locked=\u00bboff\u00bb global_colors_info=\u00bb{}\u00bb][\/dsm_image_reveal][dsm_text_divider header=\u00bbMotion Graphics\u00bb color=\u00bb#0C71C3&#8243; divider_position=\u00bbflex-start\u00bb disabled_on=\u00bboff|off|on\u00bb _builder_version=\u00bb4.22.1&#8243; _module_preset=\u00bbdefault\u00bb background_layout=\u00bbdark\u00bb locked=\u00bboff\u00bb global_colors_info=\u00bb{}\u00bb][\/dsm_text_divider][dsm_image_reveal reveal_text=\u00bbDise\u00f1o 3D\u00bb src=\u00bbhttps:\/\/daniroal.com\/wp-content\/uploads\/2023\/06\/render-3.jpg\u00bb title_text=\u00bbrender dinosaurio robot\u00bb reveal_overlay_color=\u00bbrgba(0,0,0,0.64)\u00bb _builder_version=\u00bb4.22.1&#8243; _module_preset=\u00bbdefault\u00bb reveal_text_font=\u00bbRaleway|700|||||||\u00bb reveal_text_font_size=\u00bb60px\u00bb custom_padding=\u00bb30px||||false|false\u00bb link_option_url=\u00bbhttps:\/\/daniroal.com\/index.php\/diseno-3d\/\u00bb reveal_text_font_size_tablet=\u00bb60px\u00bb reveal_text_font_size_phone=\u00bb40px\u00bb reveal_text_font_size_last_edited=\u00bbon|phone\u00bb border_radii=\u00bbon|20px|20px|20px|20px\u00bb global_colors_info=\u00bb{}\u00bb][\/dsm_image_reveal][dsm_text_divider header=\u00bbDise\u00f1o 3D\u00bb color=\u00bb#0C71C3&#8243; divider_position=\u00bbflex-start\u00bb disabled_on=\u00bboff|off|on\u00bb _builder_version=\u00bb4.22.1&#8243; _module_preset=\u00bbdefault\u00bb background_layout=\u00bbdark\u00bb locked=\u00bboff\u00bb global_colors_info=\u00bb{}\u00bb][\/dsm_text_divider][\/et_pb_column][\/et_pb_row][\/et_pb_section]<\/p>\n","protected":false},"excerpt":{"rendered":"<p>Dise\u00f1ador Digital<div class=\"et_pb_module dsm_animated_gradient_text dsm_animated_gradient_text_0\">\n\t\t\t\t\n\t\t\t\t\n\t\t\t\t\n\t\t\t\t\n\t\t\t\t\n\t\t\t\t\n\t\t\t\t<div class=\"et_pb_module_inner\">\n\t\t\t\t\t<h2 class=\"dsm-animated-gradient-text et_pb_module_header\">Dani Roal<\/h2>\n\t\t\t\t<\/div>\n\t\t\t<\/div>\u00a1Bienvenidos a mi p\u00e1gina web! Aqu\u00ed podr\u00e1s encontrar algunos de mis trabajos.Portafolio<div class=\"et_pb_module dsm_image_reveal dsm_image_reveal_0 et_clickable\">\n\t\t\t\t\n\t\t\t\t\n\t\t\t\t\n\t\t\t\t\n\t\t\t\t\n\t\t\t\t\n\t\t\t\t<div class=\"et_pb_module_inner\">\n\t\t\t\t\t<div class=\"dsm-image-reveal et_pb_bg_layout_dark et_always_center_on_mobile\">\n\t\t\t\t\n\t\t\t\t\n\t\t\t\t<div class=\"dsm-image-wrapper\"><span class=\"et_pb_image_wrap\"><div class=\"dsm-image-reveal-overlay\"><\/div><img src=\"https:\/\/daniroal.com\/wp-content\/uploads\/2024\/05\/titulo-izzi.png\" alt=\"\" title=\"titulo-izzi\" \/><div class=\"dsm-image-reveal-text-wrapper\"><h3 class=\"dsm-image-reveal-text et_pb_module_header et_pb_text_align_center\" data-splitting>izzi<\/h3><\/div><\/span><\/div>\n\t\t\t<\/div>\n\t\t\t\t<\/div>\n\t\t\t<\/div><div class=\"et_pb_module dsm_text_divider dsm_text_divider_0\">\n\t\t\t\t\n\t\t\t\t\n\t\t\t\t\n\t\t\t\t\n\t\t\t\t\n\t\t\t\t\n\t\t\t\t<div class=\"et_pb_module_inner\">\n\t\t\t\t\t<div class=\"dsm-text-divider-wrapper dsm-text-divider-align-center et_pb_bg_layout_light\">\n\t\t\t\t\n\t\t\t\t\n\t\t\t\t<div class=\"dsm-text-divider-before dsm-divider\"><\/div>\n\t\t\t\t<h3 class=\"dsm-text-divider-header et_pb_module_header\"><span>\u00bbizzi\u00bb<\/span><\/h3>\n\t\t\t\t<div class=\"dsm-text-divider-after dsm-divider\"><\/div>\n\t\t\t<\/div>\n\t\t\t\t<\/div>\n\t\t\t<\/div><\/p>\n","protected":false},"author":1,"featured_media":0,"parent":0,"menu_order":0,"comment_status":"closed","ping_status":"closed","template":"","meta":{"_et_pb_use_builder":"on","_et_pb_old_content":"<h1>Animador Digital<\/h1>\t\t\n\t\t\t<h2>Dani Roal<\/h2>\t\t\n\t\t\t<h3>\u00a1Bienvenido a mi p\u00e1gina web! donde podr\u00e1s encontrar algunos de mis mejores trabajos<\/h3>\t\t\n\t\t\t<a href=\"#portafolio\">\n\t\t\t\t\t\tPortafolio\n\t\t\t\t\t<\/a>\n\t\t\t<a role=\"button\">\n\t\t\t\t\t\tdemo reel\n\t\t\t\t\t<\/a>\n\t\t\t<h1>Animador Digital<\/h1>\t\t\n\t\t\t<h2>Dani Roal<\/h2>\t\t\n\t\t\t<h3>\u00a1Bienvenido a mi p\u00e1gina web! donde podr\u00e1s encontrar algunos de mis mejores trabajos<\/h3>\t\t\n\t\t\t<a href=\"#portafolio\">\n\t\t\t\t\t\tPortafolio\n\t\t\t\t\t<\/a>\n\t\t\t<a role=\"button\">\n\t\t\t\t\t\tdemo reel\n\t\t\t\t\t<\/a>\n\t\t\t<h2><a href=\"https:\/\/daniroal.com\/index.php\/2023\/07\/13\/edicion-de-video\/\">Edici\u00f3n de V\u00eddeo<\/a><\/h2>\t\t\n\t\t\t<h2><a href=\"https:\/\/daniroal.com\/index.php\/2023\/07\/13\/diseno-3d\/\">Dise\u00f1o 3D<\/a><\/h2>\t\t\n\t\t\t<h2><a href=\"https:\/\/daniroal.com\/index.php\/2023\/07\/13\/redes-sociales\/\">Redes Sociales<\/a><\/h2>\t\t\n\t\t\t<h2><a href=\"https:\/\/daniroal.com\/index.php\/2023\/07\/13\/edicion-de-video\/\">Edici\u00f3n de Video<\/a><\/h2>","_et_gb_content_width":"","footnotes":""},"aioseo_notices":[],"_links":{"self":[{"href":"https:\/\/daniroal.com\/index.php\/wp-json\/wp\/v2\/pages\/686"}],"collection":[{"href":"https:\/\/daniroal.com\/index.php\/wp-json\/wp\/v2\/pages"}],"about":[{"href":"https:\/\/daniroal.com\/index.php\/wp-json\/wp\/v2\/types\/page"}],"author":[{"embeddable":true,"href":"https:\/\/daniroal.com\/index.php\/wp-json\/wp\/v2\/users\/1"}],"replies":[{"embeddable":true,"href":"https:\/\/daniroal.com\/index.php\/wp-json\/wp\/v2\/comments?post=686"}],"version-history":[{"count":352,"href":"https:\/\/daniroal.com\/index.php\/wp-json\/wp\/v2\/pages\/686\/revisions"}],"predecessor-version":[{"id":1630,"href":"https:\/\/daniroal.com\/index.php\/wp-json\/wp\/v2\/pages\/686\/revisions\/1630"}],"wp:attachment":[{"href":"https:\/\/daniroal.com\/index.php\/wp-json\/wp\/v2\/media?parent=686"}],"curies":[{"name":"wp","href":"https:\/\/api.w.org\/{rel}","templated":true}]}}